{"id":604,"date":"2024-10-17T19:59:21","date_gmt":"2024-10-17T19:59:21","guid":{"rendered":"https:\/\/iptvrey.com\/?post_type=product&#038;p=604"},"modified":"2024-10-27T17:49:25","modified_gmt":"2024-10-27T17:49:25","slug":"xplayer-iptv-code","status":"publish","type":"product","link":"https:\/\/iptvrey.com\/es\/producto\/xplayer-iptv-code\/","title":{"rendered":"C\u00f3digo IPTV para XPLAYER"},"content":{"rendered":"<h2>XPLAYER: Suscripci\u00f3n IPTV<\/h2>\n<p>Descubre una experiencia de streaming sin interrupciones con XPLAYER, tu suscripci\u00f3n principal para una amplia selecci\u00f3n de canales y contenido a la carta. Disfruta del acceso a redes populares como BBC, CNN y ESPN, asegurando que nunca te pierdas tus programas favoritos, deportes en vivo o noticias de \u00faltima hora.<\/p>\n<p>XPLAYER se dedica a la calidad, ofreciendo todos los canales en resoluci\u00f3n HD, Full HD y 4K. Este compromiso garantiza colores vibrantes, im\u00e1genes n\u00edtidas y una experiencia de visualizaci\u00f3n inmersiva desde la comodidad de tu hogar.<\/p>\n<p>Junto a los canales en vivo, XPLAYER cuenta con una vasta biblioteca de videos a la carta, permiti\u00e9ndote ponerte al d\u00eda con las \u00faltimas pel\u00edculas y series cuando desees. Con opciones en HD, 3D y 4K, hay algo para todos en tu hogar.<\/p>\n<p><strong>Beneficios de XPLAYER IPTV:<\/strong><\/p>\n<ul>\n<li><strong>Diverse Channel Selection:<\/strong> Access a wide array of channels across various genres, ensuring there&#8217;s always something entertaining to watch.<\/li>\n<li class=\"translation-block\">Transmisi\u00f3n de alta calidad: Mira tu contenido favorito en impresionante HD y 4K, mejorando tu placer de visualizaci\u00f3n.<\/li>\n<li class=\"translation-block\">Contenido a la carta: Accede a una rica biblioteca de pel\u00edculas y series cuando lo desees, perfecta para cualquier horario de visualizaci\u00f3n.<\/li>\n<li class=\"translation-block\">Interfaz f\u00e1cil de usar: Navega f\u00e1cilmente por la plataforma para una experiencia sin complicaciones.<\/li>\n<li class=\"translation-block\">Rendimiento confiable: Disfruta de una experiencia de visualizaci\u00f3n fluida con m\u00ednima carga y interrupciones.<\/li>\n<\/ul>\n<p class=\"translation-block\">Las aplicaciones de reproductores de video y medios de TV a menudo vienen sin contenido, lo que requiere un c\u00f3digo IPTV para desbloquear las mejores ofertas de TV, canales internacionales y las \u00faltimas pel\u00edculas y series. \u00a1IPTVrey est\u00e1 aqu\u00ed para proporcionarte los mejores c\u00f3digos IPTV, as\u00ed que no dudes en contactarnos para m\u00e1s informaci\u00f3n!<\/p>\n<p><img loading=\"lazy\" decoding=\"async\" class=\"size-medium wp-image-601 aligncenter\" src=\"https:\/\/iptvrey.com\/wp-content\/uploads\/2024\/10\/price-2-300x300.png\" alt=\"\" width=\"300\" height=\"300\" srcset=\"https:\/\/iptvrey.com\/wp-content\/uploads\/2024\/10\/price-2-300x300.png 300w, https:\/\/iptvrey.com\/wp-content\/uploads\/2024\/10\/price-2-150x150.png 150w, https:\/\/iptvrey.com\/wp-content\/uploads\/2024\/10\/price-2-24x24.png 24w, https:\/\/iptvrey.com\/wp-content\/uploads\/2024\/10\/price-2-36x36.png 36w, https:\/\/iptvrey.com\/wp-content\/uploads\/2024\/10\/price-2-48x48.png 48w, https:\/\/iptvrey.com\/wp-content\/uploads\/2024\/10\/price-2-100x100.png 100w, https:\/\/iptvrey.com\/wp-content\/uploads\/2024\/10\/price-2.png 463w\" sizes=\"(max-width: 300px) 100vw, 300px\" \/><\/p>","protected":false},"excerpt":{"rendered":"<h2>C\u00f3digo IPTV XPLAYER<\/h2>\n<p>XPLAYER ofrece una experiencia de streaming excepcional con una amplia selecci\u00f3n de canales, incluyendo las principales redes como BBC, CNN y ESPN. Disfruta de tus programas favoritos y deportes en vivo en impresionante calidad HD, Full HD y 4K. Con una extensa biblioteca a la carta de pel\u00edculas y series, XPLAYER garantiza que siempre haya algo para todos, todo en una interfaz f\u00e1cil de usar.<\/p>","protected":false},"featured_media":582,"comment_status":"open","ping_status":"closed","template":"","meta":{"_et_pb_use_builder":"","_et_pb_old_content":"","_et_gb_content_width":""},"product_brand":[],"product_cat":[27],"product_tag":[],"class_list":{"0":"post-604","1":"product","2":"type-product","3":"status-publish","4":"has-post-thumbnail","6":"product_cat-iptv-subscription","8":"first","9":"instock","10":"shipping-taxable","11":"purchasable","12":"product-type-simple"},"_links":{"self":[{"href":"https:\/\/iptvrey.com\/es\/wp-json\/wp\/v2\/product\/604","targetHints":{"allow":["GET"]}}],"collection":[{"href":"https:\/\/iptvrey.com\/es\/wp-json\/wp\/v2\/product"}],"about":[{"href":"https:\/\/iptvrey.com\/es\/wp-json\/wp\/v2\/types\/product"}],"replies":[{"embeddable":true,"href":"https:\/\/iptvrey.com\/es\/wp-json\/wp\/v2\/comments?post=604"}],"wp:featuredmedia":[{"embeddable":true,"href":"https:\/\/iptvrey.com\/es\/wp-json\/wp\/v2\/media\/582"}],"wp:attachment":[{"href":"https:\/\/iptvrey.com\/es\/wp-json\/wp\/v2\/media?parent=604"}],"wp:term":[{"taxonomy":"product_brand","embeddable":true,"href":"https:\/\/iptvrey.com\/es\/wp-json\/wp\/v2\/product_brand?post=604"},{"taxonomy":"product_cat","embeddable":true,"href":"https:\/\/iptvrey.com\/es\/wp-json\/wp\/v2\/product_cat?post=604"},{"taxonomy":"product_tag","embeddable":true,"href":"https:\/\/iptvrey.com\/es\/wp-json\/wp\/v2\/product_tag?post=604"}],"curies":[{"name":"wp","href":"https:\/\/api.w.org\/{rel}","templated":true}]}}