{"id":606,"date":"2024-10-17T20:02:08","date_gmt":"2024-10-17T20:02:08","guid":{"rendered":"https:\/\/iptvrey.com\/?post_type=product&#038;p=606"},"modified":"2024-10-27T17:45:14","modified_gmt":"2024-10-27T17:45:14","slug":"neo-iptv-subscription","status":"publish","type":"product","link":"https:\/\/iptvrey.com\/es\/producto\/neo-iptv-subscription\/","title":{"rendered":"Activa tu c\u00f3digo IPTV NEO X2"},"content":{"rendered":"<h2>Suscripci\u00f3n IPTV NEO X2<\/h2>\n<p>Experimenta el futuro del entretenimiento con NEO, tu soluci\u00f3n definitiva de streaming que ofrece una amplia variedad de canales y contenido a la carta. Con acceso a redes populares como BBC, CNN y ESPN, podr\u00e1s mantenerte al d\u00eda con las \u00faltimas noticias, disfrutar de emocionantes deportes en vivo y ver tus series favoritas sin parar, todo en un solo lugar.<\/p>\n<p>NEO se dedica a ofrecer una visualizaci\u00f3n de alta calidad con opciones tanto en resoluci\u00f3n HD como 4K. Este compromiso con la calidad garantiza im\u00e1genes vibrantes y detalles n\u00edtidos, brind\u00e1ndote una experiencia inmersiva directamente desde la comodidad de tu hogar.<\/p>\n<p>In addition to live television, NEO boasts an extensive on-demand library filled with the latest movies and popular series, allowing you to watch what you want, when you want. Whether you&#8217;re in the mood for a blockbuster hit or a binge-worthy series, NEO has something for everyone.<\/p>\n<p><strong>Beneficios de NEO IPTV:<\/strong><\/p>\n<ul>\n<li><strong>Extensive Channel Variety:<\/strong> Enjoy a diverse selection of channels across various genres, ensuring there&#8217;s always something to entertain you.<\/li>\n<li class=\"translation-block\">Transmisi\u00f3n de alta calidad: Mira tu contenido favorito en impresionante HD y 4K, mejorando tu placer de visualizaci\u00f3n.<\/li>\n<li class=\"translation-block\">Contenido a la carta: Accede a una rica biblioteca de pel\u00edculas y series cuando lo desees, perfecta para cualquier horario de visualizaci\u00f3n.<\/li>\n<li class=\"translation-block\">Interfaz f\u00e1cil de usar: Navega f\u00e1cilmente por la plataforma, lo que hace sencillo encontrar y disfrutar de tu contenido favorito.<\/li>\n<li class=\"translation-block\">Rendimiento confiable: Disfruta de una experiencia de visualizaci\u00f3n fluida con m\u00ednima carga y interrupciones.<\/li>\n<\/ul>\n<p class=\"translation-block\">Las aplicaciones de reproductores de video y medios de TV a menudo vienen sin contenido, lo que requiere un c\u00f3digo IPTV para desbloquear las mejores ofertas de TV, canales internacionales y las \u00faltimas pel\u00edculas y series. \u00a1IPTVrey est\u00e1 aqu\u00ed para proporcionarte los mejores c\u00f3digos IPTV, as\u00ed que no dudes en contactarnos para m\u00e1s informaci\u00f3n!<\/p>\n<p><img loading=\"lazy\" decoding=\"async\" class=\"size-medium wp-image-601 aligncenter\" src=\"https:\/\/iptvrey.com\/wp-content\/uploads\/2024\/10\/price-2-300x300.png\" alt=\"\" width=\"300\" height=\"300\" srcset=\"https:\/\/iptvrey.com\/wp-content\/uploads\/2024\/10\/price-2-300x300.png 300w, https:\/\/iptvrey.com\/wp-content\/uploads\/2024\/10\/price-2-150x150.png 150w, https:\/\/iptvrey.com\/wp-content\/uploads\/2024\/10\/price-2-24x24.png 24w, https:\/\/iptvrey.com\/wp-content\/uploads\/2024\/10\/price-2-36x36.png 36w, https:\/\/iptvrey.com\/wp-content\/uploads\/2024\/10\/price-2-48x48.png 48w, https:\/\/iptvrey.com\/wp-content\/uploads\/2024\/10\/price-2-100x100.png 100w, https:\/\/iptvrey.com\/wp-content\/uploads\/2024\/10\/price-2.png 463w\" sizes=\"(max-width: 300px) 100vw, 300px\" \/><\/p>","protected":false},"excerpt":{"rendered":"<div class=\"flex-1 overflow-hidden\">\n<div class=\"h-full\">\n<div class=\"react-scroll-to-bottom--css-fjfkk-79elbk h-full\">\n<div class=\"react-scroll-to-bottom--css-fjfkk-1n7m0yu\">\n<div class=\"flex flex-col text-sm md:pb-9\">\n<article class=\"w-full text-token-text-primary focus-visible:outline-2 focus-visible:outline-offset-[-4px]\" dir=\"auto\" data-testid=\"conversation-turn-27\" data-scroll-anchor=\"true\">\n<div class=\"m-auto text-base py-[18px] px-3 md:px-4 w-full md:px-5 lg:px-4 xl:px-5\">\n<div class=\"mx-auto flex flex-1 gap-4 text-base md:gap-5 lg:gap-6 md:max-w-3xl\">\n<div class=\"group\/conversation-turn relative flex w-full min-w-0 flex-col agent-turn\">\n<div class=\"flex-col gap-1 md:gap-3\">\n<div class=\"flex max-w-full flex-col flex-grow\">\n<div class=\"min-h-8 text-message flex w-full flex-col items-end gap-2 whitespace-normal break-words [.text-message+&amp;]:mt-5\" dir=\"auto\" data-message-author-role=\"assistant\" data-message-id=\"71ffbb33-5afb-4a69-8db9-d613199be91a\" data-message-model-slug=\"gpt-4o-mini\">\n<div class=\"flex w-full flex-col gap-1 empty:hidden first:pt-[3px]\">\n<div class=\"result-streaming markdown prose w-full break-words dark:prose-invert light\">\n<h2>NEO X2 IPTV Package<\/h2>\n<p>NEO provides a high-quality streaming experience with a diverse range of channels, featuring popular networks like BBC, CNN, and ESPN. Enjoy your favorite shows and live sports in HD and 4K resolution. With a rich on-demand library of movies and series, NEO offers endless entertainment options. Its user-friendly interface ensures easy navigation, making it perfect for the whole family.<\/p>\n<\/div>\n<\/div>\n<\/div>\n<\/div>\n<\/div>\n<\/div>\n<\/div>\n<\/div>\n<\/article>\n<\/div>\n<\/div>\n<\/div>\n<\/div>\n<\/div>\n","protected":false},"featured_media":584,"comment_status":"open","ping_status":"closed","template":"","meta":{"_et_pb_use_builder":"","_et_pb_old_content":"","_et_gb_content_width":""},"product_brand":[],"product_cat":[27],"product_tag":[],"class_list":{"0":"post-606","1":"product","2":"type-product","3":"status-publish","4":"has-post-thumbnail","6":"product_cat-iptv-subscription","8":"first","9":"instock","10":"shipping-taxable","11":"purchasable","12":"product-type-simple"},"_links":{"self":[{"href":"https:\/\/iptvrey.com\/es\/wp-json\/wp\/v2\/product\/606","targetHints":{"allow":["GET"]}}],"collection":[{"href":"https:\/\/iptvrey.com\/es\/wp-json\/wp\/v2\/product"}],"about":[{"href":"https:\/\/iptvrey.com\/es\/wp-json\/wp\/v2\/types\/product"}],"replies":[{"embeddable":true,"href":"https:\/\/iptvrey.com\/es\/wp-json\/wp\/v2\/comments?post=606"}],"wp:featuredmedia":[{"embeddable":true,"href":"https:\/\/iptvrey.com\/es\/wp-json\/wp\/v2\/media\/584"}],"wp:attachment":[{"href":"https:\/\/iptvrey.com\/es\/wp-json\/wp\/v2\/media?parent=606"}],"wp:term":[{"taxonomy":"product_brand","embeddable":true,"href":"https:\/\/iptvrey.com\/es\/wp-json\/wp\/v2\/product_brand?post=606"},{"taxonomy":"product_cat","embeddable":true,"href":"https:\/\/iptvrey.com\/es\/wp-json\/wp\/v2\/product_cat?post=606"},{"taxonomy":"product_tag","embeddable":true,"href":"https:\/\/iptvrey.com\/es\/wp-json\/wp\/v2\/product_tag?post=606"}],"curies":[{"name":"wp","href":"https:\/\/api.w.org\/{rel}","templated":true}]}}