{"id":696,"date":"2024-10-20T12:16:11","date_gmt":"2024-10-20T12:16:11","guid":{"rendered":"https:\/\/iptvrey.com\/?post_type=product&#038;p=696"},"modified":"2025-09-23T02:32:34","modified_gmt":"2025-09-23T02:32:34","slug":"smarters-pro-activation-code","status":"publish","type":"product","link":"https:\/\/iptvrey.com\/es\/producto\/smarters-pro-activation-code\/","title":{"rendered":"Get Smarters Pro Activation Code Now"},"content":{"rendered":"<h2><strong>Smarters Pro Activation Code:<\/strong><\/h2>\n<p><span style=\"font-weight: 400;\">The IPTV Smarters app is a versatile media player that allows users to stream live TV, movies, and series on a wide range of devices. It offers support across multiple platforms, including Android, iOS, Windows, macOS, web browsers, and smart TVs. Additionally, IPTV Smarters Pro works seamlessly with various types of playlists, such as Player API, 1-Stream Panel API, and M3U URLs.<\/span><\/p>\n<h3><b>Canales globales en impresionante calidad 4K, Full HD y HD.<\/b><\/h3>\n<p><span style=\"font-weight: 400;\">Experience a top-tier IPTV service with over 160,000 international channels, including all premium options in 4K, Full HD, and HD quality. Whether you&#8217;re at home or on the move, enjoy flawless streaming of live events, including major leagues like the World Cup, UEFA Champions League, NBA, NHL, NFL, and many more.<\/span><\/p>\n<h3><b>VOD Movies and Series<\/b><\/h3>\n<p><span style=\"font-weight: 400;\">Dive into an extensive library of over 20,000 VOD titles, featuring a diverse range of films and series. Enjoy content from top platforms like Netflix, Amazon Prime, and Prime Video, all at your fingertips.<\/span><\/p>\n<h3><b>Instant Subscription Activation<\/b><\/h3>\n<p><span style=\"font-weight: 400;\">Once you subscribe, our team will promptly reach out via email or WhatsApp to activate your service. Activation is fast and hassle-free, typically completed within just 5 minutes.<\/span><\/p>\n<h3><b>Reliable 24\/7 Customer Support<\/b><\/h3>\n<p><span style=\"font-weight: 400;\">We\u2019re here to help around the clock! Our dedicated support team is available 24\/7 to answer any questions or resolve any issues you may have. Reach out anytime, and we\u2019ll be happy to assist!<\/span><\/p>\n<h2><span style=\"font-weight: 400;\">How to Set Up IPTV Smarters Pro:<\/span><\/h2>\n<h3><b>Step 1: Download and Install IPTV Smarters Pro<\/b><\/h3>\n<p><span style=\"font-weight: 400;\">To get started, download and install IPTV Smarters Pro on your chosen device:<\/span><\/p>\n<ul>\n<li style=\"font-weight: 400;\" aria-level=\"1\"><b>For Android<\/b><span style=\"font-weight: 400;\">: Open Google Play Store, search for \u2018IPTV Smarters Pro,\u2019 and tap <\/span><b>Install<\/b><span style=\"font-weight: 400;\">.<\/span><\/li>\n<li style=\"font-weight: 400;\" aria-level=\"1\"><b>For iOS<\/b><span style=\"font-weight: 400;\">: Head to the App Store, search for \u2018IPTV Smarters Pro,\u2019 and click <\/span><b>Get<\/b><span style=\"font-weight: 400;\">.<\/span><\/li>\n<li style=\"font-weight: 400;\" aria-level=\"1\"><b>For Windows<\/b><span style=\"font-weight: 400;\">: Visit the official IPTV Smarters Pro website, download the Windows version, and follow the installation instructions.<\/span><\/li>\n<li style=\"font-weight: 400;\" aria-level=\"1\" class=\"translation-block\">Para Windows: Visita el sitio web oficial de ELK Player, descarga la versi\u00f3n para Windows y sigue las instrucciones de instalaci\u00f3n.<\/li>\n<li style=\"font-weight: 400;\" aria-level=\"1\"><b>For Amazon Fire Stick<\/b><span style=\"font-weight: 400;\">: Install IPTV Smarters Pro by sideloading it using the <\/span><b>Downloader app<\/b><span style=\"font-weight: 400;\">. (Refer to a tutorial if needed.)<\/span><\/li>\n<\/ul>\n<h3><b>Step 2: Launch IPTV Smarters Pro<\/b><\/h3>\n<p><span style=\"font-weight: 400;\">Una vez instalada, abre la aplicaci\u00f3n. Se te pedir\u00e1 que inicies sesi\u00f3n utilizando tus credenciales del servicio IPTV.<\/span><\/p>\n<h3><b>Paso 3: Ingresa los detalles de tu suscripci\u00f3n IPTV<\/b><\/h3>\n<p><span style=\"font-weight: 400;\">To activate IPTV Smarters Pro, you\u2019ll need the following details from your IPTV subscription:<\/span><\/p>\n<ul>\n<li style=\"font-weight: 400;\" aria-level=\"1\"><b>Playlist Name:<\/b><span style=\"font-weight: 400;\"> Give it a custom name of your choice.<\/span><\/li>\n<li style=\"font-weight: 400;\" aria-level=\"1\" class=\"translation-block\">Nombre de usuario y contrase\u00f1a: Proporcionados por tu proveedor de servicio IPTV.<\/li>\n<li style=\"font-weight: 400;\" aria-level=\"1\" class=\"translation-block\">Host\/API\/URL: Esta es la URL del servidor proporcionada por tu proveedor de IPTV.<\/li>\n<\/ul>\n<p><span style=\"font-weight: 400;\">After filling in the details, click <\/span><b>Add User<\/b><span style=\"font-weight: 400;\">.<\/span><\/p>\n<h3><b>Paso 4: Disfruta de la transmisi\u00f3n de tus canales IPTV.<\/b><\/h3>\n<p><span style=\"font-weight: 400;\">With the setup complete, navigate through the IPTV Smarters Pro interface to explore live channels, movies, and series.<\/span><\/p>\n<h3><span style=\"font-weight: 400;\">Consejos de soluci\u00f3n de problemas:<\/span><\/h3>\n<ul>\n<li style=\"font-weight: 400;\" aria-level=\"1\"><span style=\"font-weight: 400;\">If login issues occur, verify your internet connection and credentials.<\/span><\/li>\n<li style=\"font-weight: 400;\" aria-level=\"1\"><span style=\"font-weight: 400;\">For buffering or streaming issues, consider switching to a different URL provided by your IPTV service or check that your internet speed meets the 10+ Mbps recommendation for HD streaming.<\/span><\/li>\n<\/ul>\n<h2><b>Conclusion:<\/b><\/h2>\n<p><span style=\"font-weight: 400;\">IPTV Smarters Pro is one of the most reliable IPTV players available, providing a smooth streaming experience across various devices. With easy setup and powerful features like multi-screen viewing and recording options, it\u2019s an excellent choice for those looking to enhance their <a href=\"https:\/\/en.wikipedia.org\/wiki\/Internet_Protocol_television\" target=\"_blank\" rel=\"noopener\">IPTV<\/a> experience.<\/span><\/p>\n<p><span style=\"font-weight: 400;\">For more advanced configurations, such as multi-screen options or parental controls, <a href=\"https:\/\/iptvrey.com\/es\/contact-us\/\">contact us<\/a><\/span><span style=\"font-weight: 400;\">.<\/span><\/p>","protected":false},"excerpt":{"rendered":"<h2>Smarters Pro IPTV Package Includes:<\/h2>\n<ul>\n<li style=\"font-weight: 400;\" aria-level=\"1\"><span style=\"font-weight: 400;\">Free TV and VOD Updates<\/span><\/li>\n<li style=\"font-weight: 400;\" aria-level=\"1\"><span style=\"font-weight: 400;\">160,000+ Channels &amp; VOD<\/span><\/li>\n<li style=\"font-weight: 400;\" aria-level=\"1\"><span style=\"font-weight: 400;\">4K, Full HD, and HD Channels<\/span><\/li>\n<li style=\"font-weight: 400;\" aria-level=\"1\"><span style=\"font-weight: 400;\">Premium Channels Included<\/span><\/li>\n<li style=\"font-weight: 400;\" aria-level=\"1\"><span style=\"font-weight: 400;\">Fast &amp; Stable Connection<\/span><\/li>\n<li style=\"font-weight: 400;\" aria-level=\"1\"><span style=\"font-weight: 400;\">Supports M3U, MAG, Enigma<\/span><\/li>\n<li style=\"font-weight: 400;\" aria-level=\"1\"><span style=\"font-weight: 400;\">Compatible with Smart TV, Smartphone, PC<\/span><\/li>\n<li style=\"font-weight: 400;\" aria-level=\"1\"><span style=\"font-weight: 400;\">Always Available Servers<\/span><\/li>\n<li style=\"font-weight: 400;\" aria-level=\"1\"><span style=\"font-weight: 400;\">24\/7 Online Support<\/span><\/li>\n<\/ul>\n<h3><span style=\"font-weight: 400;\">Dispositivos compatibles:<\/span><\/h3>\n<ul>\n<li style=\"font-weight: 400;\" aria-level=\"1\"><b>Android<\/b><span style=\"font-weight: 400;\">: Compatible with Android phones, tablets, Android TV, Fire TV Sticks, Nvidia Shields, and other Android-based streaming devices.<\/span><\/li>\n<li style=\"font-weight: 400;\" aria-level=\"1\"><b>Windows\/macOS<\/b><span style=\"font-weight: 400;\">: Works with Windows 8, Windows 10, and all versions of macOS, including the latest releases.<\/span><\/li>\n<li style=\"font-weight: 400;\" aria-level=\"1\"><b>iOS Devices<\/b><span style=\"font-weight: 400;\">: Available for iPhone, iPad, and Apple TV (tvOS) through the Apple App Store.<\/span><\/li>\n<li style=\"font-weight: 400;\" aria-level=\"1\"><b>Smart TVs<\/b>: The app is available for download on LG and Samsung smart TVs through their respective app stores.<\/li>\n<\/ul>\n<p><strong>Note:<\/strong> Smarters Pro comes as an empty player. You need an IPTV Subscription to access a limitless wide choice of channels, series, and movies.<\/p>","protected":false},"featured_media":765,"comment_status":"open","ping_status":"closed","template":"","meta":{"_et_pb_use_builder":"","_et_pb_old_content":"","_et_gb_content_width":""},"product_brand":[],"product_cat":[19],"product_tag":[],"class_list":{"0":"post-696","1":"product","2":"type-product","3":"status-publish","4":"has-post-thumbnail","6":"product_cat-iptvrey-store","8":"first","9":"instock","10":"shipping-taxable","11":"purchasable","12":"product-type-simple"},"_links":{"self":[{"href":"https:\/\/iptvrey.com\/es\/wp-json\/wp\/v2\/product\/696","targetHints":{"allow":["GET"]}}],"collection":[{"href":"https:\/\/iptvrey.com\/es\/wp-json\/wp\/v2\/product"}],"about":[{"href":"https:\/\/iptvrey.com\/es\/wp-json\/wp\/v2\/types\/product"}],"replies":[{"embeddable":true,"href":"https:\/\/iptvrey.com\/es\/wp-json\/wp\/v2\/comments?post=696"}],"wp:featuredmedia":[{"embeddable":true,"href":"https:\/\/iptvrey.com\/es\/wp-json\/wp\/v2\/media\/765"}],"wp:attachment":[{"href":"https:\/\/iptvrey.com\/es\/wp-json\/wp\/v2\/media?parent=696"}],"wp:term":[{"taxonomy":"product_brand","embeddable":true,"href":"https:\/\/iptvrey.com\/es\/wp-json\/wp\/v2\/product_brand?post=696"},{"taxonomy":"product_cat","embeddable":true,"href":"https:\/\/iptvrey.com\/es\/wp-json\/wp\/v2\/product_cat?post=696"},{"taxonomy":"product_tag","embeddable":true,"href":"https:\/\/iptvrey.com\/es\/wp-json\/wp\/v2\/product_tag?post=696"}],"curies":[{"name":"wp","href":"https:\/\/api.w.org\/{rel}","templated":true}]}}